{"id":236,"date":"2026-04-16T08:24:58","date_gmt":"2026-04-16T07:24:58","guid":{"rendered":"http:\/\/bassunterrichtwien.local\/?page_id=236"},"modified":"2026-04-20T20:19:03","modified_gmt":"2026-04-20T18:19:03","slug":"datenschutzerklarung","status":"publish","type":"page","link":"https:\/\/bassunterrichtwien.at\/en\/datenschutzerklarung\/","title":{"rendered":"Datenschutzerkl\u00e4rung"},"content":{"rendered":"<div class=\"wp-block-stackable-columns alignfull stk-block-columns stk-block stk-a162c70 stk-block-background stk--background-scheme--scheme-default-3 mein-hintergrund stk--has-background-overlay\" id=\"mein-hintergrund\" data-block-id=\"a162c70\" data-block-type=\"core\"><style>.stk-a162c70 {background-image:url(http:\/\/bassunterrichtwien.at\/wp-content\/uploads\/2026\/04\/Gernot_Brandl_ueber_mich_neu-scaled.webp) !important;padding-top:var(--stk--preset--spacing--none, 0px) !important;padding-right:var(--stk--preset--spacing--none, 0px) !important;padding-bottom:var(--stk--preset--spacing--none, 0px) !important;padding-left:var(--stk--preset--spacing--none, 0px) !important;margin-bottom:0px !important;}.stk-a162c70:before{opacity:0 !important;}<\/style><div class=\"stk-row stk-inner-blocks has-text-align-center stk-block-content stk-content-align stk-a162c70-column alignfull\">\n<div class=\"wp-block-stackable-column stk-block-column stk-column stk-block stk-a025b0e\" data-v=\"4\" data-block-id=\"a025b0e\"><style>.stk-a025b0e-inner-blocks{justify-content:flex-end !important;}.stk-a025b0e-container{min-height:27rem !important;padding-top:var(--stk--preset--spacing--30, 0.67rem) !important;padding-right:0% !important;padding-bottom:var(--stk--preset--spacing--30, 0.67rem) !important;padding-left:24% !important;}@media screen and (max-width:999px){.stk-a025b0e-container{min-height:27rem !important;padding-right:var(--stk--preset--spacing--80, 5.06rem) !important;padding-left:var(--stk--preset--spacing--80, 5.06rem) !important;}}@media screen and (max-width:689px){.stk-a025b0e-container{min-height:20rem !important;padding-right:var(--stk--preset--spacing--40, 1rem) !important;padding-left:var(--stk--preset--spacing--40, 1rem) !important;}}<\/style><div class=\"stk-column-wrapper stk-block-column__content stk-container stk-a025b0e-container stk--no-background stk--no-padding\"><div class=\"stk--column-flex stk-block-content stk-inner-blocks stk-a025b0e-inner-blocks\"><h1 style=\"line-height:1.3;letter-spacing:-0.2px; padding-top:0;padding-bottom:0;margin-top:0;margin-right:0;margin-left:-4px;margin-bottom:0px;\" class=\"has-text-align-left has-link-color dynamicTitle wp-elements-ae889631d1d6cee562ff5570edea2136 wp-block-post-title has-text-color has-palette-color-4-color has-xx-large-font-size\" data-block-type=\"core\">Datenschutzerkl\u00e4rung<\/h1>\n\n\n<div class=\"wp-block-stackable-heading stk-block-heading stk--hide-mobile stk-block-heading--v2 stk-block stk-7afdac0 undefined o-anim-value-delay-150ms\" id=\"bassunterrichtwien-at-gernot-brandl\" data-block-id=\"7afdac0\"><style>.stk-7afdac0 {margin-bottom:var(--stk--preset--spacing--20, 0.44rem) !important;margin-left:0rem !important;}.stk-7afdac0 .stk-block-heading__text{text-shadow:0px 0px 4px #0000008c !important;font-size:26px !important;line-height:1.1em !important;font-weight:400 !important;letter-spacing:0.4px !important;}@media screen and (max-width:999px){.stk-7afdac0 .stk-block-heading__text{font-size:26px !important;}}@media screen and (max-width:689px){.stk-7afdac0 {margin-bottom:0px !important;margin-left:var(--stk--preset--spacing--none, 0px) !important;}.stk-7afdac0 .stk-block-heading__text{font-size:18px !important;}}<\/style><h1 class=\"stk-block-heading__text has-text-align-left\">bassunterrichtwien.at &#8211; Gernot Brandl<\/h1><\/div>\n\n\n\n<div class=\"wp-block-stackable-heading stk-block-heading stk--hide-desktop stk--hide-tablet stk-block-heading--v2 stk-block stk-23c1792 undefined o-anim-value-delay-150ms\" id=\"bassunterrichtwien-at-br-gernot-brandl\" data-block-id=\"23c1792\"><style>.stk-23c1792 {margin-bottom:nullpx !important;margin-left:0px !important;}.stk-23c1792 .stk-block-heading__text{text-shadow:0px 0px 4px #0000008c !important;font-size:26px !important;line-height:1.1em !important;font-weight:400 !important;letter-spacing:0.4px !important;}@media screen and (max-width:999px){.stk-23c1792 .stk-block-heading__text{font-size:26px !important;}}@media screen and (max-width:689px){.stk-23c1792 {margin-bottom:0px !important;margin-left:var(--stk--preset--spacing--none, 0px) !important;}.stk-23c1792 .stk-block-heading__text{font-size:18px !important;}}<\/style><h1 class=\"stk-block-heading__text has-text-align-left\">bassunterrichtwien.at<br>Gernot Brandl<\/h1><\/div>\n\n\n\n<div class=\"wp-block-stackable-button-group stk-block-button-group stk-block stk-7a28717 undefined o-anim-value-delay-0.3s\" data-block-id=\"7a28717\"><style>.stk-7a28717 {margin-top:var(--stk--preset--spacing--40, 1rem) !important;margin-bottom:var(--stk--preset--spacing--80, 5.06rem) !important;}@media screen and (max-width:689px){.stk-7a28717 {margin-top:var(--stk--preset--spacing--30, 0.67rem) !important;margin-bottom:var(--stk--preset--spacing--60, 2.25rem) !important;}}<\/style><div class=\"stk-row stk-inner-blocks has-text-align-left has-text-align-left-mobile stk-block-content stk-button-group\">\n<div class=\"wp-block-stackable-button stk-block-button stk-block stk-576900a\" data-block-id=\"576900a\"><style>.stk-576900a .stk-button{padding-right:var(--stk--preset--spacing--50, 1.5rem) !important;padding-left:var(--stk--preset--spacing--50, 1.5rem) !important;}.stk-576900a .stk-button:before{box-shadow:0px 0px 3px 0px #2929299c !important;}.stk-576900a .stk-button__inner-text{font-size:var(--stk--preset--font-size--medium, 20px) !important;}@media screen and (max-width:999px){.stk-576900a .stk-button__inner-text{font-size:var(--stk--preset--font-size--medium, 20px) !important;}}@media screen and (max-width:689px){.stk-576900a .stk-button{padding-right:var(--stk--preset--spacing--40, 1rem) !important;padding-left:var(--stk--preset--spacing--40, 1rem) !important;}.stk-576900a .stk-button__inner-text{font-size:var(--stk--preset--font-size--small, 13px) !important;}}<\/style><a class=\"stk-link stk-button stk--hover-effect-darken\" href=\"\/en\/#kontaktformular\" title=\"Kostenlose Bass Unterricht Probeeinheit Wien\"><span class=\"stk-button__inner-text\">Book a free trial session<\/span><\/a><\/div>\n<\/div><\/div>\n<\/div><\/div><\/div>\n<\/div><\/div>\n\n\n\n<div class=\"wp-block-stackable-columns alignfull stk-block-columns stk-block stk-19746f4\" data-block-id=\"19746f4\"><style>.stk-19746f4 {padding-top:var(--stk--preset--spacing--70, 3.38rem) !important;padding-right:8rem !important;padding-bottom:var(--stk--preset--spacing--70, 3.38rem) !important;padding-left:8rem !important;}@media screen and (max-width:999px){.stk-19746f4 {padding-right:var(--stk--preset--spacing--70, 3.38rem) !important;padding-left:var(--stk--preset--spacing--70, 3.38rem) !important;}}@media screen and (max-width:689px){.stk-19746f4 {padding-top:var(--stk--preset--spacing--40, 1rem) !important;padding-right:var(--stk--preset--spacing--40, 1rem) !important;padding-bottom:var(--stk--preset--spacing--40, 1rem) !important;padding-left:var(--stk--preset--spacing--40, 1rem) !important;}}<\/style><div class=\"stk-row stk-inner-blocks stk-block-content stk-content-align stk-19746f4-column alignfull\">\n<div class=\"wp-block-stackable-column stk-block-column stk-column stk-block stk-18729dd\" data-v=\"4\" data-block-id=\"18729dd\"><div class=\"stk-column-wrapper stk-block-column__content stk-container stk-18729dd-container stk--no-background stk--no-padding\"><div class=\"stk-block-content stk-inner-blocks stk-18729dd-inner-blocks\">\n<div class=\"wp-block-stackable-heading stk-block-heading stk-block-heading--v2 stk-block stk-49bec94\" id=\"datenschutzerklarung\" data-block-id=\"49bec94\"><h2 class=\"stk-block-heading__text\">Datenschutzerkl\u00e4rung<\/h2><\/div>\n\n\n\n<div class=\"wp-block-stackable-heading stk-block-heading stk-block-heading--v2 stk-block stk-af5ba95\" id=\"1-verantwortliche-fur-die-datenverarbeitung\" data-block-id=\"af5ba95\"><h3 class=\"stk-block-heading__text\">1. Verantwortliche f\u00fcr die Datenverarbeitung<\/h3><\/div>\n\n\n\n<p data-block-type=\"core\">Verantwortlich f\u00fcr die Erhebung, Verarbeitung und Nutzung Ihrer personenbezogenen Daten im Sinne der DSGVO ist:<\/p>\n\n\n\n<p data-block-type=\"core\">Gernot Brandl, Diepoldplatz 9\/9, 1170 Wien<br>E-Mail: bassunterrichtwien@gmail.com<\/p>\n\n\n\n<div class=\"wp-block-stackable-heading stk-block-heading stk-block-heading--v2 stk-block stk-400fc6b\" id=\"2-hosting-und-server-log-files\" data-block-id=\"400fc6b\"><h3 class=\"stk-block-heading__text\">2. Hosting und Server-Log-Files<\/h3><\/div>\n\n\n\n<p data-block-type=\"core\">Diese Website wird bei einem externen Dienstleister gehostet. Um die Sicherheit und Funktionalit\u00e4t der Website zu gew\u00e4hrleisten, erhebt der Provider automatisch Informationen, die Ihr Browser automatisch an uns \u00fcbermittelt. Dies sind:<\/p>\n\n\n\n<ul class=\"wp-block-list\" data-block-type=\"core\">\n<li data-block-type=\"core\">Browsertyp und Browserversion<\/li>\n\n\n\n<li data-block-type=\"core\">Verwendetes Betriebssystem<\/li>\n\n\n\n<li data-block-type=\"core\">Referrer URL (die zuvor besuchte Seite)<\/li>\n\n\n\n<li data-block-type=\"core\">Hostname des zugreifenden Rechners (IP-Adresse)<\/li>\n\n\n\n<li data-block-type=\"core\">Uhrzeit der Serveranfrage<\/li>\n<\/ul>\n\n\n\n<p data-block-type=\"core\">Diese Daten sind technisch notwendig und werden auf Grundlage unseres berechtigten Interesses (Art. 6 Abs. 1 lit. f DSGVO) an einer fehlerfreien Darstellung und Sicherheit der Website verarbeitet. Die Daten werden nach sp\u00e4testens 14 Tagen gel\u00f6scht oder anonymisiert.<\/p>\n\n\n\n<div class=\"wp-block-stackable-heading stk-block-heading stk-block-heading--v2 stk-block stk-99be2c3\" id=\"3-kontaktformular\" data-block-id=\"99be2c3\"><h3 class=\"stk-block-heading__text\">3. Kontaktformular<\/h3><\/div>\n\n\n\n<p data-block-type=\"core\">Wenn Sie uns per Kontaktformular Anfragen zukommen lassen, werden Ihre Angaben aus dem Anfrageformular inklusive der von Ihnen dort angegebenen Kontaktdaten (Name, E-Mail-Adresse) zwecks Bearbeitung der Anfrage und f\u00fcr den Fall von Anschlussfragen bei uns gespeichert.<\/p>\n\n\n\n<ul class=\"wp-block-list\" data-block-type=\"core\">\n<li data-block-type=\"core\"><strong>Rechtsgrundlage:<\/strong> Die Verarbeitung erfolgt auf Grundlage Ihrer Einwilligung (Art. 6 Abs. 1 lit. a DSGVO) oder zur Durchf\u00fchrung vorvertraglicher Ma\u00dfnahmen (Art. 6 Abs. 1 lit. b DSGVO).<\/li>\n\n\n\n<li data-block-type=\"core\"><strong>Speicherdauer:<\/strong> Wir l\u00f6schen diese Daten, sobald der Zweck der Speicherung entf\u00e4llt, sofern keine gesetzlichen Aufbewahrungspflichten entgegenstehen.<\/li>\n<\/ul>\n\n\n\n<div class=\"wp-block-stackable-heading stk-block-heading stk-block-heading--v2 stk-block stk-7dd0e7c\" id=\"4-cookies\" data-block-id=\"7dd0e7c\"><h3 class=\"stk-block-heading__text\">4. Cookies<\/h3><\/div>\n\n\n\n<p data-block-type=\"core\">Unsere Website verwendet WordPress-Standard-Cookies. Das sind kleine Textdateien, die auf Ihrem Endger\u00e4t gespeichert werden.<\/p>\n\n\n\n<ul class=\"wp-block-list\" data-block-type=\"core\">\n<li data-block-type=\"core\"><strong>Technisch notwendige Cookies:<\/strong> Diese sind erforderlich, um Grundfunktionen der Website zu erm\u00f6glichen (z.B. Sprachauswahl durch das Plugin f\u00fcr Mehrsprachigkeit).<\/li>\n\n\n\n<li data-block-type=\"core\"><strong>Einwilligung:<\/strong> Wir setzen keine Analyse- oder Tracking-Cookies (wie Google Analytics) ohne Ihre explizite Zustimmung ein. Sie k\u00f6nnen Cookies in Ihren Browsereinstellungen jederzeit l\u00f6schen oder deaktivieren.<\/li>\n<\/ul>\n\n\n\n<div class=\"wp-block-stackable-heading stk-block-heading stk-block-heading--v2 stk-block stk-ead1550\" id=\"5-ssl-verschlusselung\" data-block-id=\"ead1550\"><h3 class=\"stk-block-heading__text\">5. SSL-Verschl\u00fcsselung<\/h3><\/div>\n\n\n\n<p data-block-type=\"core\">Um die Sicherheit Ihrer Daten bei der \u00dcbertragung zu sch\u00fctzen, verwenden wir dem aktuellen Stand der Technik entsprechende Verschl\u00fcsselungsverfahren (z. B. SSL\/TLS) \u00fcber HTTPS. Sie erkennen eine verschl\u00fcsselte Verbindung an der Zeichenfolge \u201ehttps:\/\/\u201c und dem Schloss-Symbol in Ihrer Browserzeile.<\/p>\n\n\n\n<div class=\"wp-block-stackable-heading stk-block-heading stk-block-heading--v2 stk-block stk-5f8df60\" id=\"6-ihre-rechte\" data-block-id=\"5f8df60\"><h3 class=\"stk-block-heading__text\">6. Ihre Rechte<\/h3><\/div>\n\n\n\n<p id=\"p-rc_cc4656a18e3484d0-108\" data-block-type=\"core\">Ihnen stehen grunds\u00e4tzlich die Rechte auf Auskunft, Berichtigung, L\u00f6schung, Einschr\u00e4nkung, Daten\u00fcbertragbarkeit, Widerruf und Widerspruch zu. Wenn Sie glauben, dass die Verarbeitung Ihrer Daten gegen das Datenschutzrecht verst\u00f6\u00dft oder Ihre datenschutzrechtlichen Anspr\u00fcche sonst in einer Weise verletzt worden sind, k\u00f6nnen Sie sich bei uns oder der Aufsichtsbeh\u00f6rde beschweren.<sup><\/sup><\/p>\n\n\n\n<p data-block-type=\"core\"><\/p>\n<\/div><\/div><\/div>\n<\/div><\/div>","protected":false},"excerpt":{"rendered":"<p>Datenschutzerkl\u00e4rung 1. Verantwortliche f\u00fcr die Datenverarbeitung Verantwortlich f\u00fcr die Erhebung, Verarbeitung und Nutzung Ihrer personenbezogenen Daten im Sinne der DSGVO ist: Gernot Brandl, Diepoldplatz 9\/9, 1170 WienE-Mail: bassunterrichtwien@gmail.com 2. Hosting und Server-Log-Files Diese Website wird bei einem externen Dienstleister gehostet. Um die Sicherheit und Funktionalit\u00e4t der Website zu gew\u00e4hrleisten, erhebt der Provider automatisch Informationen, die [&hellip;]<\/p>\n","protected":false},"author":1,"featured_media":0,"parent":0,"menu_order":0,"comment_status":"closed","ping_status":"closed","template":"","meta":{"footnotes":""},"class_list":["post-236","page","type-page","status-publish","hentry"],"blocksy_meta":[],"_links":{"self":[{"href":"https:\/\/bassunterrichtwien.at\/en\/wp-json\/wp\/v2\/pages\/236","targetHints":{"allow":["GET"]}}],"collection":[{"href":"https:\/\/bassunterrichtwien.at\/en\/wp-json\/wp\/v2\/pages"}],"about":[{"href":"https:\/\/bassunterrichtwien.at\/en\/wp-json\/wp\/v2\/types\/page"}],"author":[{"embeddable":true,"href":"https:\/\/bassunterrichtwien.at\/en\/wp-json\/wp\/v2\/users\/1"}],"replies":[{"embeddable":true,"href":"https:\/\/bassunterrichtwien.at\/en\/wp-json\/wp\/v2\/comments?post=236"}],"version-history":[{"count":4,"href":"https:\/\/bassunterrichtwien.at\/en\/wp-json\/wp\/v2\/pages\/236\/revisions"}],"predecessor-version":[{"id":803,"href":"https:\/\/bassunterrichtwien.at\/en\/wp-json\/wp\/v2\/pages\/236\/revisions\/803"}],"wp:attachment":[{"href":"https:\/\/bassunterrichtwien.at\/en\/wp-json\/wp\/v2\/media?parent=236"}],"curies":[{"name":"wp","href":"https:\/\/api.w.org\/{rel}","templated":true}]}}