{"id":197,"date":"2026-03-05T22:55:06","date_gmt":"2026-03-05T21:55:06","guid":{"rendered":"http:\/\/bassunterrichtwien.local\/?page_id=197"},"modified":"2026-05-04T18:10:55","modified_gmt":"2026-05-04T16:10:55","slug":"preisliste","status":"publish","type":"page","link":"https:\/\/bassunterrichtwien.at\/en\/preisliste\/","title":{"rendered":"Pricing"},"content":{"rendered":"<div class=\"wp-block-stackable-columns alignfull stk-block-columns stk-block stk-a162c70 stk-block-background stk--background-scheme--scheme-default-3 mein-hintergrund stk--has-background-overlay\" id=\"mein-hintergrund\" data-block-id=\"a162c70\" data-block-type=\"core\"><style>.stk-a162c70 {background-image:url(http:\/\/bassunterrichtwien.at\/wp-content\/uploads\/2026\/04\/Gernot_Brandl_ueber_mich_neu-scaled.webp) !important;padding-top:var(--stk--preset--spacing--none, 0px) !important;padding-right:var(--stk--preset--spacing--none, 0px) !important;padding-bottom:var(--stk--preset--spacing--none, 0px) !important;padding-left:var(--stk--preset--spacing--none, 0px) !important;margin-bottom:0px !important;}.stk-a162c70:before{opacity:0 !important;}<\/style><div class=\"stk-row stk-inner-blocks has-text-align-center stk-block-content stk-content-align stk-a162c70-column alignfull\">\n<div class=\"wp-block-stackable-column stk-block-column stk-column stk-block stk-a025b0e\" data-v=\"4\" data-block-id=\"a025b0e\"><style>.stk-a025b0e-inner-blocks{justify-content:flex-end !important;}.stk-a025b0e-container{min-height:27rem !important;padding-top:var(--stk--preset--spacing--30, 0.67rem) !important;padding-right:0% !important;padding-bottom:var(--stk--preset--spacing--30, 0.67rem) !important;padding-left:24% !important;}@media screen and (max-width:999px){.stk-a025b0e-container{min-height:27rem !important;padding-right:var(--stk--preset--spacing--80, 5.06rem) !important;padding-left:var(--stk--preset--spacing--80, 5.06rem) !important;}}@media screen and (max-width:689px){.stk-a025b0e-container{min-height:20rem !important;padding-right:var(--stk--preset--spacing--40, 1rem) !important;padding-left:var(--stk--preset--spacing--40, 1rem) !important;}}<\/style><div class=\"stk-column-wrapper stk-block-column__content stk-container stk-a025b0e-container stk--no-background stk--no-padding\"><div class=\"stk--column-flex stk-block-content stk-inner-blocks stk-a025b0e-inner-blocks\"><h1 style=\"line-height:1.3;letter-spacing:-0.2px; padding-top:0;padding-bottom:0;margin-top:0;margin-right:0;margin-left:-4px;margin-bottom:0px;\" class=\"has-text-align-left has-link-color dynamicTitle wp-elements-ae889631d1d6cee562ff5570edea2136 wp-block-post-title has-text-color has-palette-color-4-color has-xx-large-font-size\" data-block-type=\"core\">Pricing<\/h1>\n\n\n<div class=\"wp-block-stackable-heading stk-block-heading stk--hide-mobile stk-block-heading--v2 stk-block stk-7afdac0 undefined o-anim-value-delay-150ms\" id=\"bassunterrichtwien-at-gernot-brandl\" data-block-id=\"7afdac0\"><style>.stk-7afdac0 {margin-bottom:var(--stk--preset--spacing--20, 0.44rem) !important;margin-left:0rem !important;}.stk-7afdac0 .stk-block-heading__text{text-shadow:0px 0px 4px #0000008c !important;font-size:26px !important;line-height:1.1em !important;font-weight:400 !important;letter-spacing:0.4px !important;}@media screen and (max-width:999px){.stk-7afdac0 .stk-block-heading__text{font-size:26px !important;}}@media screen and (max-width:689px){.stk-7afdac0 {margin-bottom:0px !important;margin-left:var(--stk--preset--spacing--none, 0px) !important;}.stk-7afdac0 .stk-block-heading__text{font-size:18px !important;}}<\/style><h1 class=\"stk-block-heading__text has-text-align-left\">bassunterrichtwien.at &#8211; Gernot Brandl<\/h1><\/div>\n\n\n\n<div class=\"wp-block-stackable-heading stk-block-heading stk--hide-desktop stk--hide-tablet stk-block-heading--v2 stk-block stk-23c1792 undefined o-anim-value-delay-150ms\" id=\"bassunterrichtwien-at-br-gernot-brandl\" data-block-id=\"23c1792\"><style>.stk-23c1792 {margin-bottom:nullpx !important;margin-left:0px !important;}.stk-23c1792 .stk-block-heading__text{text-shadow:0px 0px 4px #0000008c !important;font-size:26px !important;line-height:1.1em !important;font-weight:400 !important;letter-spacing:0.4px !important;}@media screen and (max-width:999px){.stk-23c1792 .stk-block-heading__text{font-size:26px !important;}}@media screen and (max-width:689px){.stk-23c1792 {margin-bottom:0px !important;margin-left:var(--stk--preset--spacing--none, 0px) !important;}.stk-23c1792 .stk-block-heading__text{font-size:18px !important;}}<\/style><h1 class=\"stk-block-heading__text has-text-align-left\">bassunterrichtwien.at<br>Gernot Brandl<\/h1><\/div>\n\n\n\n<div class=\"wp-block-stackable-button-group stk-block-button-group stk-block stk-7a28717 undefined o-anim-value-delay-0.3s\" data-block-id=\"7a28717\"><style>.stk-7a28717 {margin-top:var(--stk--preset--spacing--40, 1rem) !important;margin-bottom:var(--stk--preset--spacing--80, 5.06rem) !important;}@media screen and (max-width:689px){.stk-7a28717 {margin-top:var(--stk--preset--spacing--30, 0.67rem) !important;margin-bottom:var(--stk--preset--spacing--60, 2.25rem) !important;}}<\/style><div class=\"stk-row stk-inner-blocks has-text-align-left has-text-align-left-mobile stk-block-content stk-button-group\">\n<div class=\"wp-block-stackable-button stk-block-button stk-block stk-576900a\" data-block-id=\"576900a\"><style>.stk-576900a .stk-button{padding-right:var(--stk--preset--spacing--50, 1.5rem) !important;padding-left:var(--stk--preset--spacing--50, 1.5rem) !important;}.stk-576900a .stk-button:before{box-shadow:0px 0px 3px 0px #2929299c !important;}.stk-576900a .stk-button__inner-text{font-size:var(--stk--preset--font-size--medium, 20px) !important;}@media screen and (max-width:999px){.stk-576900a .stk-button__inner-text{font-size:var(--stk--preset--font-size--medium, 20px) !important;}}@media screen and (max-width:689px){.stk-576900a .stk-button{padding-right:var(--stk--preset--spacing--40, 1rem) !important;padding-left:var(--stk--preset--spacing--40, 1rem) !important;}.stk-576900a .stk-button__inner-text{font-size:var(--stk--preset--font-size--small, 13px) !important;}}<\/style><a class=\"stk-link stk-button stk--hover-effect-darken\" href=\"\/en\/#kontaktformular\" title=\"Kostenlose Bass Unterricht Probeeinheit Wien\"><span class=\"stk-button__inner-text\">Book a free trial session<\/span><\/a><\/div>\n<\/div><\/div>\n<\/div><\/div><\/div>\n<\/div><\/div>\n\n\n\n<div class=\"wp-block-stackable-columns alignfull stk-block-columns stk-block stk-31cc355 stk-block-background stk--background-scheme--scheme-default-1\" data-block-id=\"31cc355\"><style>.stk-31cc355 {padding-top:var(--stk--preset--spacing--none, 0px) !important;padding-right:var(--stk--preset--spacing--none, 0px) !important;padding-bottom:var(--stk--preset--spacing--none, 0px) !important;padding-left:var(--stk--preset--spacing--none, 0px) !important;margin-bottom:0px !important;}.stk-31cc355-column{--stk-columns-spacing:var(--stk--preset--spacing--none, 0px) !important;--stk-column-gap:var(--stk--preset--spacing--none, 0px) !important;row-gap:var(--stk--preset--spacing--40, 1rem) !important;}@media screen and (max-width:689px){.stk-31cc355 {margin-bottom:0px !important;--stk-col-order-1:2 !important;--stk-col-order-2:1 !important;}.stk-31cc355-column{row-gap:var(--stk--preset--spacing--none, 0px) !important;}}<\/style><div class=\"stk-row stk-inner-blocks stk-block-content stk-content-align stk-31cc355-column alignfull\">\n<div class=\"wp-block-stackable-column stk-block-column stk-column stk-block stk-2240808 stk-block-background stk--has-background-overlay\" data-v=\"4\" data-block-id=\"2240808\"><style>.stk-2240808 {background-image:url(http:\/\/bassunterrichtwien.at\/wp-content\/uploads\/2026\/04\/BassWallEdited_neu-scaled.webp) !important;background-position:center center !important;}@media screen and (min-width:690px){.stk-2240808 {flex:var(--stk-flex-grow, 1) 1 calc(33% - var(--stk-column-gap, 0px) * 1 \/ 2 ) !important;}}@media screen and (max-width:689px){.stk-2240808 {min-height:33rem !important;}}<\/style><div class=\"stk-column-wrapper stk-block-column__content stk-container stk-2240808-container stk--no-background stk--no-padding\"><div class=\"stk-block-content stk-inner-blocks stk-2240808-inner-blocks\"><\/div><\/div><\/div>\n\n\n\n<div class=\"wp-block-stackable-column stk-block-column stk-column stk-block stk-622f04a\" data-v=\"4\" data-block-id=\"622f04a\"><style>.stk-622f04a {align-self:center !important;padding-top:var(--stk--preset--spacing--none, 0px) !important;padding-right:var(--stk--preset--spacing--none, 0px) !important;padding-bottom:var(--stk--preset--spacing--none, 0px) !important;padding-left:var(--stk--preset--spacing--none, 0px) !important;}@media screen and (min-width:690px){.stk-622f04a {flex:var(--stk-flex-grow, 1) 1 calc(67% - var(--stk-column-gap, 0px) * 1 \/ 2 ) !important;}}<\/style><div class=\"stk-column-wrapper stk-block-column__content stk-container stk-622f04a-container stk--no-background stk--no-padding\"><div class=\"stk-block-content stk-inner-blocks stk-622f04a-inner-blocks\">\n<div class=\"wp-block-stackable-columns alignfull stk-block-columns stk-block stk-0337056 stk-block-background stk--background-scheme--scheme-default-1\" data-block-id=\"0337056\"><style>.stk-0337056 {padding-top:var(--stk--preset--spacing--none, 0px) !important;padding-right:var(--stk--preset--spacing--none, 0px) !important;padding-bottom:var(--stk--preset--spacing--none, 0px) !important;padding-left:var(--stk--preset--spacing--none, 0px) !important;margin-bottom:0px !important;}.stk-0337056-column{--stk-columns-spacing:var(--stk--preset--spacing--none, 0px) !important;--stk-column-gap:var(--stk--preset--spacing--none, 0px) !important;row-gap:var(--stk--preset--spacing--40, 1rem) !important;}@media screen and (max-width:689px){.stk-0337056 {margin-bottom:0px !important;}.stk-0337056-column{row-gap:var(--stk--preset--spacing--none, 0px) !important;}}<\/style><div class=\"stk-row stk-inner-blocks stk-block-content stk-content-align stk-0337056-column alignfull\">\n<div class=\"wp-block-stackable-column stk-block-column stk-column stk-block stk-e45ec12\" data-v=\"4\" data-block-id=\"e45ec12\"><style>.stk-e45ec12 {align-self:center !important;padding-top:var(--stk--preset--spacing--60, 2.25rem) !important;padding-right:8rem !important;padding-bottom:var(--stk--preset--spacing--60, 2.25rem) !important;padding-left:var(--stk--preset--spacing--60, 2.25rem) !important;}@media screen and (max-width:999px){.stk-e45ec12 {padding-top:var(--stk--preset--spacing--50, 1.5rem) !important;padding-right:var(--stk--preset--spacing--40, 1rem) !important;padding-bottom:var(--stk--preset--spacing--40, 1rem) !important;padding-left:var(--stk--preset--spacing--40, 1rem) !important;}}@media screen and (max-width:689px){.stk-e45ec12 {margin-top:var(--stk--preset--spacing--60, 2.25rem) !important;margin-bottom:var(--stk--preset--spacing--50, 1.5rem) !important;}}<\/style><div class=\"stk-column-wrapper stk-block-column__content stk-container stk-e45ec12-container stk--no-background stk--no-padding\"><div class=\"stk-block-content stk-inner-blocks stk-e45ec12-inner-blocks\">\n<div class=\"wp-block-stackable-text stk-block-text stk-block stk-9d492f7\" data-block-id=\"9d492f7\"><style>.stk-9d492f7 {margin-bottom:15px !important;}@media screen and (max-width:689px){.stk-9d492f7 {margin-bottom:15px !important;}}<\/style><p class=\"stk-block-text__text translation-block\">A private lesson is 50 minutes long. Alternatively, I also offer 25-minute sessions. Additionally, it is possible to take group lessons \u2013 this option is only available for 50-minute sessions, with each person paying the price of a 25-minute lesson.<\/p><\/div>\n\n\n\n<div class=\"wp-block-stackable-text stk-block-text stk-block stk-d31732b\" data-block-id=\"d31732b\"><p class=\"stk-block-text__text translation-block\">During a <strong>free trial lesson<\/strong> (25 minutes) we can discuss which package suits you best.<\/p><\/div>\n<\/div><\/div><\/div>\n<\/div><\/div>\n\n\n\n<div class=\"wp-block-stackable-columns alignfull stk-block-columns stk-block stk-da256d1 stk-block-background\" data-block-id=\"da256d1\"><style>.stk-da256d1 {background-color:var(--theme-palette-color-7, #EEE7DB) !important;padding-top:var(--stk--preset--spacing--none, 0px) !important;padding-right:var(--stk--preset--spacing--none, 0px) !important;padding-bottom:var(--stk--preset--spacing--none, 0px) !important;padding-left:var(--stk--preset--spacing--none, 0px) !important;margin-bottom:0px !important;}.stk-da256d1:before{background-color:var(--theme-palette-color-7, #EEE7DB) !important;}.stk-da256d1-column{--stk-columns-spacing:var(--stk--preset--spacing--none, 0px) !important;--stk-column-gap:var(--stk--preset--spacing--none, 0px) !important;row-gap:var(--stk--preset--spacing--40, 1rem) !important;}@media screen and (max-width:689px){.stk-da256d1 {margin-bottom:0px !important;}.stk-da256d1-column{row-gap:var(--stk--preset--spacing--none, 0px) !important;}}<\/style><div class=\"stk-row stk-inner-blocks stk-block-content stk-content-align stk-da256d1-column alignfull\">\n<div class=\"wp-block-stackable-column stk-block-column stk-column stk-block stk-1a24fd4\" data-v=\"4\" data-block-id=\"1a24fd4\"><style>.stk-1a24fd4 {align-self:center !important;padding-top:var(--stk--preset--spacing--60, 2.25rem) !important;padding-right:8rem !important;padding-bottom:var(--stk--preset--spacing--60, 2.25rem) !important;padding-left:var(--stk--preset--spacing--60, 2.25rem) !important;}@media screen and (max-width:999px){.stk-1a24fd4 {padding-top:var(--stk--preset--spacing--50, 1.5rem) !important;padding-right:var(--stk--preset--spacing--40, 1rem) !important;padding-bottom:var(--stk--preset--spacing--50, 1.5rem) !important;padding-left:var(--stk--preset--spacing--40, 1rem) !important;}}@media screen and (max-width:689px){.stk-1a24fd4 {padding-top:var(--stk--preset--spacing--60, 2.25rem) !important;padding-bottom:var(--stk--preset--spacing--60, 2.25rem) !important;}}<\/style><div class=\"stk-column-wrapper stk-block-column__content stk-container stk-1a24fd4-container stk--no-background stk--no-padding\"><div class=\"stk-block-content stk-inner-blocks stk-1a24fd4-inner-blocks\">\n<div class=\"wp-block-stackable-text stk-block-text stk-block stk-1988e61\" data-block-id=\"1988e61\"><style>.stk-1988e61 {margin-bottom:0px !important;}<\/style><p class=\"stk-block-text__text\"><strong>Individual Lessons<\/strong><\/p><\/div>\n\n\n\n<div class=\"wp-block-stackable-text stk-block-text stk-block stk-3932c35\" data-block-id=\"3932c35\"><style>.stk-3932c35 {margin-bottom:8px !important;}<\/style><p class=\"stk-block-text__text\">50 minutes: 50,00 \u20ac<br>25 minutes: 30,00 \u20ac<\/p><\/div>\n\n\n\n<div class=\"wp-block-stackable-text stk-block-text stk-block stk-d175d08\" data-block-id=\"d175d08\"><style>.stk-d175d08 {margin-bottom:15px !important;}@media screen and (max-width:999px){.stk-d175d08 {margin-bottom:10px !important;}}<\/style><p class=\"stk-block-text__text\">Individual lessons can be booked flexibly at any time.<\/p><\/div>\n\n\n\n<div class=\"wp-block-stackable-text stk-block-text stk-block stk-c8890b6\" data-block-id=\"c8890b6\"><style>.stk-c8890b6 {margin-bottom:0px !important;}<\/style><p class=\"stk-block-text__text\"><strong>5-Lesson package<\/strong><\/p><\/div>\n\n\n\n<div class=\"wp-block-stackable-text stk-block-text stk-block stk-aadcc3f\" data-block-id=\"aadcc3f\"><style>.stk-aadcc3f {margin-bottom:8px !important;}<\/style><p class=\"stk-block-text__text\">5\u00d750 minutes: 220,00 \u20ac (44,00 \u20ac\/session)<br>5\u00d725 minutes: 117,50 \u20ac (23,50 \u20ac\/session)<\/p><\/div>\n\n\n\n<div class=\"wp-block-stackable-text stk-block-text stk-block stk-f040502\" data-block-id=\"f040502\"><style>.stk-f040502 {margin-bottom:15px !important;}@media screen and (max-width:999px){.stk-f040502 {margin-bottom:10px !important;}}<\/style><p class=\"stk-block-text__text\">A block of 5 lessons is valid for 10 weeks from the date of payment and can be redeemed flexibly.<\/p><\/div>\n\n\n\n<div class=\"wp-block-stackable-text stk-block-text stk-block stk-6775aa0\" data-block-id=\"6775aa0\"><style>.stk-6775aa0 {margin-bottom:0px !important;}<\/style><p class=\"stk-block-text__text\"><strong>10-Lesson package<\/strong><\/p><\/div>\n\n\n\n<div class=\"wp-block-stackable-text stk-block-text stk-block stk-f763f94\" data-block-id=\"f763f94\"><style>.stk-f763f94 {margin-bottom:8px !important;}<\/style><p class=\"stk-block-text__text\">10\u00d750 minuten: 400,00 \u20ac (40,00 \u20ac session)<br>10\u00d725 minuten: 220,00 \u20ac (22,00 \u20ac\/session)<\/p><\/div>\n\n\n\n<div class=\"wp-block-stackable-text stk-block-text stk-block stk-2c7a722\" data-block-id=\"2c7a722\"><style>.stk-2c7a722 {margin-bottom:15px !important;}@media screen and (max-width:999px){.stk-2c7a722 {margin-bottom:10px !important;}}<\/style><p class=\"stk-block-text__text\">A block of 10 lessons is valid for 20 weeks from the date of payment and can be redeemed flexibly.<\/p><\/div>\n\n\n\n<div class=\"wp-block-stackable-text stk-block-text stk-block stk-6730c3a\" data-block-id=\"6730c3a\"><style>.stk-6730c3a {margin-bottom:0px !important;}<\/style><p class=\"stk-block-text__text\"><strong>Semester package<\/strong><\/p><\/div>\n\n\n\n<div class=\"wp-block-stackable-text stk-block-text stk-block stk-ae02210\" data-block-id=\"ae02210\"><style>.stk-ae02210 {margin-bottom:8px !important;}@media screen and (max-width:999px){.stk-ae02210 {margin-bottom:10px !important;}}<\/style><p class=\"stk-block-text__text\">18\u00d750 minutes: 684,00 \u20ac (38,00 \u20ac\/session)<br>18\u00d725 minutes: 360,00 \u20ac (20,00 \u20ac\/session)<\/p><\/div>\n\n\n\n<div class=\"wp-block-stackable-text stk-block-text stk-block stk-523333a\" data-block-id=\"523333a\"><style>.stk-523333a {margin-bottom:0px !important;}<\/style><p class=\"stk-block-text__text\">A semester block includes 18 sessions, held weekly (excluding school holidays and Austrian holidays). You will receive a time slot reserved exclusively for you.<\/p><\/div>\n\n\n\n<div class=\"wp-block-stackable-text stk-block-text stk-block stk-3f7fe9d\" data-block-id=\"3f7fe9d\"><p class=\"stk-block-text__text\">The winter semester begins in the second week of school after the summer holidays (Vienna), the summer semester begins in the first week of school after the semester break (Vienna).<\/p><\/div>\n<\/div><\/div><\/div>\n<\/div><\/div>\n<\/div><\/div><\/div>\n<\/div><\/div>","protected":false},"excerpt":{"rendered":"<p>Eine Unterrichtseinheit im Einzelunterricht dauert 50 Minuten. Alternativ biete ich auch 25-min\u00fctige Einheiten an. Zus\u00e4tzlich besteht die M\u00f6glichkeit, Unterricht in Zweiergruppen zu nehmen &#8211; Diese Option ist nur f\u00fcr 50-min\u00fctige Einheiten verf\u00fcgbar wobei pro Person der Preis einer 25-min\u00fctigen Einzelstunde gilt. Bei einer kostenlosen Probeeinheit (25 Minuten) k\u00f6nnen wir besprechen, welches Paket am besten zu [&hellip;]<\/p>\n","protected":false},"author":1,"featured_media":0,"parent":0,"menu_order":0,"comment_status":"closed","ping_status":"closed","template":"","meta":{"footnotes":""},"class_list":["post-197","page","type-page","status-publish","hentry"],"blocksy_meta":[],"_links":{"self":[{"href":"https:\/\/bassunterrichtwien.at\/en\/wp-json\/wp\/v2\/pages\/197","targetHints":{"allow":["GET"]}}],"collection":[{"href":"https:\/\/bassunterrichtwien.at\/en\/wp-json\/wp\/v2\/pages"}],"about":[{"href":"https:\/\/bassunterrichtwien.at\/en\/wp-json\/wp\/v2\/types\/page"}],"author":[{"embeddable":true,"href":"https:\/\/bassunterrichtwien.at\/en\/wp-json\/wp\/v2\/users\/1"}],"replies":[{"embeddable":true,"href":"https:\/\/bassunterrichtwien.at\/en\/wp-json\/wp\/v2\/comments?post=197"}],"version-history":[{"count":21,"href":"https:\/\/bassunterrichtwien.at\/en\/wp-json\/wp\/v2\/pages\/197\/revisions"}],"predecessor-version":[{"id":809,"href":"https:\/\/bassunterrichtwien.at\/en\/wp-json\/wp\/v2\/pages\/197\/revisions\/809"}],"wp:attachment":[{"href":"https:\/\/bassunterrichtwien.at\/en\/wp-json\/wp\/v2\/media?parent=197"}],"curies":[{"name":"wp","href":"https:\/\/api.w.org\/{rel}","templated":true}]}}